{"id":7,"date":"2023-12-13T19:09:32","date_gmt":"2023-12-13T19:09:32","guid":{"rendered":"https:\/\/dev.peroab.se\/?page_id=7"},"modified":"2025-10-15T11:52:40","modified_gmt":"2025-10-15T11:52:40","slug":"valkommen","status":"publish","type":"page","link":"https:\/\/www.peroab.se\/","title":{"rendered":"V\u00e4lkommen till PeRo i S\u00e4rna AB"},"content":{"rendered":"\t\t<div data-elementor-type=\"wp-page\" data-elementor-id=\"7\" class=\"elementor elementor-7\">\n\t\t\t\t<div class=\"elementor-element elementor-element-95c650a e-flex e-con-boxed wpr-particle-no wpr-jarallax-no wpr-parallax-no wpr-sticky-section-no wpr-equal-height-no e-con e-parent\" data-id=\"95c650a\" data-element_type=\"container\" data-e-type=\"container\" data-settings=\"{&quot;background_background&quot;:&quot;slideshow&quot;,&quot;background_slideshow_gallery&quot;:[{&quot;id&quot;:446,&quot;url&quot;:&quot;https:\\\/\\\/www.peroab.se\\\/wp-content\\\/uploads\\\/2024\\\/02\\\/MicrosoftTeams-image-scaled.jpg&quot;},{&quot;id&quot;:707,&quot;url&quot;:&quot;https:\\\/\\\/www.peroab.se\\\/wp-content\\\/uploads\\\/2024\\\/04\\\/gravare_edited.jpg&quot;},{&quot;id&quot;:965,&quot;url&quot;:&quot;https:\\\/\\\/www.peroab.se\\\/wp-content\\\/uploads\\\/2024\\\/04\\\/MicrosoftTeams-image-2_edited2.jpg&quot;},{&quot;id&quot;:708,&quot;url&quot;:&quot;https:\\\/\\\/www.peroab.se\\\/wp-content\\\/uploads\\\/2024\\\/04\\\/IMG_7693-edited.jpg&quot;},{&quot;id&quot;:969,&quot;url&quot;:&quot;https:\\\/\\\/www.peroab.se\\\/wp-content\\\/uploads\\\/2024\\\/04\\\/cat_edited2.jpg&quot;}],&quot;background_slideshow_loop&quot;:&quot;yes&quot;,&quot;background_slideshow_slide_duration&quot;:5000,&quot;background_slideshow_slide_transition&quot;:&quot;fade&quot;,&quot;background_slideshow_transition_duration&quot;:500}\">\n\t\t\t\t\t<div class=\"e-con-inner\">\n\t\t<div class=\"elementor-element elementor-element-fdb5460 e-con-full e-flex wpr-particle-no wpr-jarallax-no wpr-parallax-no wpr-sticky-section-no wpr-equal-height-no e-con e-child\" data-id=\"fdb5460\" data-element_type=\"container\" data-e-type=\"container\">\n\t\t\t\t<div class=\"elementor-element elementor-element-c181446 elementor-widget elementor-widget-heading\" data-id=\"c181446\" data-element_type=\"widget\" data-e-type=\"widget\" data-widget_type=\"heading.default\">\n\t\t\t\t<div class=\"elementor-widget-container\">\n\t\t\t\t\t<h1 class=\"elementor-heading-title elementor-size-default\">V\u00e4lkommen till <br>PeRo i S\u00e4rna AB<\/h1>\t\t\t\t<\/div>\n\t\t\t\t<\/div>\n\t\t\t\t<\/div>\n\t\t<div class=\"elementor-element elementor-element-e4cf739 e-con-full e-flex wpr-particle-no wpr-jarallax-no wpr-parallax-no wpr-sticky-section-no wpr-equal-height-no e-con e-child\" data-id=\"e4cf739\" data-element_type=\"container\" data-e-type=\"container\">\n\t\t\t\t<\/div>\n\t\t\t\t\t<\/div>\n\t\t\t\t<\/div>\n\t\t<div class=\"elementor-element elementor-element-42badd1 e-flex e-con-boxed wpr-particle-no wpr-jarallax-no wpr-parallax-no wpr-sticky-section-no wpr-equal-height-no e-con e-parent\" data-id=\"42badd1\" data-element_type=\"container\" data-e-type=\"container\">\n\t\t\t\t\t<div class=\"e-con-inner\">\n\t\t\t\t<div class=\"elementor-element elementor-element-a5b8a0b elementor-widget elementor-widget-spacer\" data-id=\"a5b8a0b\" data-element_type=\"widget\" data-e-type=\"widget\" data-widget_type=\"spacer.default\">\n\t\t\t\t<div class=\"elementor-widget-container\">\n\t\t\t\t\t\t\t<div class=\"elementor-spacer\">\n\t\t\t<div class=\"elementor-spacer-inner\"><\/div>\n\t\t<\/div>\n\t\t\t\t\t\t<\/div>\n\t\t\t\t<\/div>\n\t\t\t\t\t<\/div>\n\t\t\t\t<\/div>\n\t\t<div class=\"elementor-element elementor-element-080b17c e-flex e-con-boxed wpr-particle-no wpr-jarallax-no wpr-parallax-no wpr-sticky-section-no wpr-equal-height-no e-con e-parent\" data-id=\"080b17c\" data-element_type=\"container\" data-e-type=\"container\">\n\t\t\t\t\t<div class=\"e-con-inner\">\n\t\t\t\t\t<\/div>\n\t\t\t\t<\/div>\n\t\t<div class=\"elementor-element elementor-element-6a30e47 e-flex e-con-boxed wpr-particle-no wpr-jarallax-no wpr-parallax-no wpr-sticky-section-no wpr-equal-height-no e-con e-parent\" data-id=\"6a30e47\" data-element_type=\"container\" data-e-type=\"container\">\n\t\t\t\t\t<div class=\"e-con-inner\">\n\t\t<div class=\"elementor-element elementor-element-97dad1a e-con-full e-flex wpr-particle-no wpr-jarallax-no wpr-parallax-no wpr-sticky-section-no wpr-equal-height-no e-con e-child\" data-id=\"97dad1a\" data-element_type=\"container\" data-e-type=\"container\">\n\t\t\t\t<div class=\"elementor-element elementor-element-b611018 elementor-widget elementor-widget-heading\" data-id=\"b611018\" data-element_type=\"widget\" data-e-type=\"widget\" data-widget_type=\"heading.default\">\n\t\t\t\t<div class=\"elementor-widget-container\">\n\t\t\t\t\t<h2 class=\"elementor-heading-title elementor-size-default\">\u00d6VER 20 \u00e5r i branschen<br><\/h2>\t\t\t\t<\/div>\n\t\t\t\t<\/div>\n\t\t\t\t<div class=\"elementor-element elementor-element-7f77fb1 elementor-widget elementor-widget-text-editor\" data-id=\"7f77fb1\" data-element_type=\"widget\" data-e-type=\"widget\" data-widget_type=\"text-editor.default\">\n\t\t\t\t<div class=\"elementor-widget-container\">\n\t\t\t\t\t\t\t\t\t<p data-start=\"176\" data-end=\"460\">Vi \u00e4r ett entreprenadf\u00f6retag med bas i S\u00e4rna, grundat 2004. Nyfikenheten och drivet att hitta l\u00f6sningar och ta sig an utmaningar har format f\u00f6retaget till vad det \u00e4r i dag. En av v\u00e5ra st\u00f6rre milstolpar var starten av bergt\u00e4kten i Idre 2022 \u2013 som nu \u00e4r i full drift.<\/p><p data-start=\"462\" data-end=\"663\">Sedan h\u00f6sten 2025 \u00e4r Pero en del av Grefs inom Fiskarhedenkoncernen, n\u00e5got som st\u00e4rker v\u00e5r position ytterligare och ger oss \u00e4nnu b\u00e4ttre m\u00f6jligheter att utvecklas tillsammans med v\u00e5ra kunder.<\/p><p data-start=\"665\" data-end=\"894\">En viktig del i verksamheten har alltid varit att st\u00e5 p\u00e5 m\u00e5nga \u201dben\u201d och att verka <strong data-start=\"748\" data-end=\"767\">f\u00f6r och i S\u00e4rna<\/strong>. V\u00e5r stora kapacitet och breda kunskap g\u00f6r att vi kan serva b\u00e5de befintliga och nya kunder p\u00e5 ett p\u00e5litligt och tryggt s\u00e4tt.<\/p><p data-start=\"665\" data-end=\"894\">V\u00e4lkommen till PeRo!<\/p>\t\t\t\t\t\t\t\t<\/div>\n\t\t\t\t<\/div>\n\t\t\t\t<\/div>\n\t\t<div class=\"elementor-element elementor-element-b1b6f7b e-con-full e-flex wpr-particle-no wpr-jarallax-no wpr-parallax-no wpr-sticky-section-no wpr-equal-height-no e-con e-child\" data-id=\"b1b6f7b\" data-element_type=\"container\" data-e-type=\"container\">\n\t\t\t\t<div class=\"elementor-element elementor-element-c218fa1 elementor-widget elementor-widget-image\" data-id=\"c218fa1\" data-element_type=\"widget\" data-e-type=\"widget\" data-widget_type=\"image.default\">\n\t\t\t\t<div class=\"elementor-widget-container\">\n\t\t\t\t\t\t\t\t\t\t\t\t\t\t\t<img fetchpriority=\"high\" decoding=\"async\" width=\"300\" height=\"293\" src=\"https:\/\/www.peroab.se\/wp-content\/uploads\/2024\/04\/PeRo20-300x293.png\" class=\"attachment-medium size-medium wp-image-643\" alt=\"\" srcset=\"https:\/\/www.peroab.se\/wp-content\/uploads\/2024\/04\/PeRo20-300x293.png 300w, https:\/\/www.peroab.se\/wp-content\/uploads\/2024\/04\/PeRo20-768x751.png 768w, https:\/\/www.peroab.se\/wp-content\/uploads\/2024\/04\/PeRo20.png 1005w\" sizes=\"(max-width: 300px) 100vw, 300px\" \/>\t\t\t\t\t\t\t\t\t\t\t\t\t\t\t<\/div>\n\t\t\t\t<\/div>\n\t\t\t\t<\/div>\n\t\t\t\t\t<\/div>\n\t\t\t\t<\/div>\n\t\t<div class=\"elementor-element elementor-element-02dbc4e e-flex e-con-boxed wpr-particle-no wpr-jarallax-no wpr-parallax-no wpr-sticky-section-no wpr-equal-height-no e-con e-parent\" data-id=\"02dbc4e\" data-element_type=\"container\" data-e-type=\"container\">\n\t\t\t\t\t<div class=\"e-con-inner\">\n\t\t<div class=\"elementor-element elementor-element-930dc9e e-con-full e-flex wpr-particle-no wpr-jarallax-no wpr-parallax-no wpr-sticky-section-no wpr-equal-height-no e-con e-child\" data-id=\"930dc9e\" data-element_type=\"container\" data-e-type=\"container\">\n\t\t\t\t<\/div>\n\t\t\t\t\t<\/div>\n\t\t\t\t<\/div>\n\t\t<div class=\"elementor-element elementor-element-20dfa0c e-flex e-con-boxed wpr-particle-no wpr-jarallax-no wpr-parallax-no wpr-sticky-section-no wpr-equal-height-no e-con e-parent\" data-id=\"20dfa0c\" data-element_type=\"container\" data-e-type=\"container\">\n\t\t\t\t\t<div class=\"e-con-inner\">\n\t\t\t\t<div class=\"elementor-element elementor-element-7307bf3 elementor-widget elementor-widget-spacer\" data-id=\"7307bf3\" data-element_type=\"widget\" data-e-type=\"widget\" data-widget_type=\"spacer.default\">\n\t\t\t\t<div class=\"elementor-widget-container\">\n\t\t\t\t\t\t\t<div class=\"elementor-spacer\">\n\t\t\t<div class=\"elementor-spacer-inner\"><\/div>\n\t\t<\/div>\n\t\t\t\t\t\t<\/div>\n\t\t\t\t<\/div>\n\t\t\t\t\t<\/div>\n\t\t\t\t<\/div>\n\t\t\t\t<\/div>\n\t\t","protected":false},"excerpt":{"rendered":"<p>V\u00e4lkommen till PeRo i S\u00e4rna AB \u00d6VER 20 \u00e5r i branschen Vi \u00e4r ett entreprenadf\u00f6retag med bas i S\u00e4rna, grundat 2004. Nyfikenheten och drivet att hitta l\u00f6sningar och ta sig an utmaningar har format f\u00f6retaget till vad det \u00e4r i dag. En av v\u00e5ra st\u00f6rre milstolpar var starten av bergt\u00e4kten i Idre 2022 \u2013 som nu \u00e4r i full drift. Sedan h\u00f6sten 2025 \u00e4r Pero en del av Grefs inom Fiskarhedenkoncernen, n\u00e5got som st\u00e4rker v\u00e5r position ytterligare och ger oss \u00e4nnu b\u00e4ttre m\u00f6jligheter att utvecklas tillsammans med v\u00e5ra kunder. En viktig del i verksamheten har alltid varit att st\u00e5 p\u00e5 m\u00e5nga \u201dben\u201d och att verka f\u00f6r och i S\u00e4rna. V\u00e5r stora kapacitet och breda kunskap g\u00f6r att vi kan serva b\u00e5de befintliga och nya kunder p\u00e5 ett p\u00e5litligt och tryggt s\u00e4tt. V\u00e4lkommen till PeRo!<\/p>\n","protected":false},"author":1,"featured_media":0,"parent":0,"menu_order":0,"comment_status":"closed","ping_status":"closed","template":"","meta":{"footnotes":""},"class_list":["post-7","page","type-page","status-publish","hentry"],"_links":{"self":[{"href":"https:\/\/www.peroab.se\/index.php?rest_route=\/wp\/v2\/pages\/7","targetHints":{"allow":["GET"]}}],"collection":[{"href":"https:\/\/www.peroab.se\/index.php?rest_route=\/wp\/v2\/pages"}],"about":[{"href":"https:\/\/www.peroab.se\/index.php?rest_route=\/wp\/v2\/types\/page"}],"author":[{"embeddable":true,"href":"https:\/\/www.peroab.se\/index.php?rest_route=\/wp\/v2\/users\/1"}],"replies":[{"embeddable":true,"href":"https:\/\/www.peroab.se\/index.php?rest_route=%2Fwp%2Fv2%2Fcomments&post=7"}],"version-history":[{"count":175,"href":"https:\/\/www.peroab.se\/index.php?rest_route=\/wp\/v2\/pages\/7\/revisions"}],"predecessor-version":[{"id":1033,"href":"https:\/\/www.peroab.se\/index.php?rest_route=\/wp\/v2\/pages\/7\/revisions\/1033"}],"wp:attachment":[{"href":"https:\/\/www.peroab.se\/index.php?rest_route=%2Fwp%2Fv2%2Fmedia&parent=7"}],"curies":[{"name":"wp","href":"https:\/\/api.w.org\/{rel}","templated":true}]}}