{"id":441,"date":"2024-02-28T14:42:22","date_gmt":"2024-02-28T14:42:22","guid":{"rendered":"https:\/\/www.peroab.se\/?page_id=441"},"modified":"2024-04-17T15:02:20","modified_gmt":"2024-04-17T15:02:20","slug":"bergtakt","status":"publish","type":"page","link":"https:\/\/www.peroab.se\/?page_id=441","title":{"rendered":"Bergt\u00e4kt"},"content":{"rendered":"\t\t<div data-elementor-type=\"wp-page\" data-elementor-id=\"441\" class=\"elementor elementor-441\">\n\t\t\t\t<div class=\"elementor-element elementor-element-668f981 e-flex e-con-boxed wpr-particle-no wpr-jarallax-no wpr-parallax-no wpr-sticky-section-no wpr-equal-height-no e-con e-parent\" data-id=\"668f981\" data-element_type=\"container\" data-e-type=\"container\">\n\t\t\t\t\t<div class=\"e-con-inner\">\n\t\t\t\t<div class=\"elementor-element elementor-element-6442af3 elementor-widget elementor-widget-spacer\" data-id=\"6442af3\" data-element_type=\"widget\" data-e-type=\"widget\" data-widget_type=\"spacer.default\">\n\t\t\t\t<div class=\"elementor-widget-container\">\n\t\t\t\t\t\t\t<div class=\"elementor-spacer\">\n\t\t\t<div class=\"elementor-spacer-inner\"><\/div>\n\t\t<\/div>\n\t\t\t\t\t\t<\/div>\n\t\t\t\t<\/div>\n\t\t\t\t\t<\/div>\n\t\t\t\t<\/div>\n\t\t<div class=\"elementor-element elementor-element-9d40d08 e-flex e-con-boxed wpr-particle-no wpr-jarallax-no wpr-parallax-no wpr-sticky-section-no wpr-equal-height-no e-con e-parent\" data-id=\"9d40d08\" data-element_type=\"container\" data-e-type=\"container\">\n\t\t\t\t\t<div class=\"e-con-inner\">\n\t\t\t\t<div class=\"elementor-element elementor-element-fc190fd elementor-widget elementor-widget-heading\" data-id=\"fc190fd\" data-element_type=\"widget\" data-e-type=\"widget\" data-widget_type=\"heading.default\">\n\t\t\t\t<div class=\"elementor-widget-container\">\n\t\t\t\t\t<h1 class=\"elementor-heading-title elementor-size-default\">Bergt\u00e4kt<\/h1>\t\t\t\t<\/div>\n\t\t\t\t<\/div>\n\t\t\t\t<div class=\"elementor-element elementor-element-e03b1bf elementor-widget-divider--view-line elementor-widget elementor-widget-divider\" data-id=\"e03b1bf\" data-element_type=\"widget\" data-e-type=\"widget\" data-widget_type=\"divider.default\">\n\t\t\t\t<div class=\"elementor-widget-container\">\n\t\t\t\t\t\t\t<div class=\"elementor-divider\">\n\t\t\t<span class=\"elementor-divider-separator\">\n\t\t\t\t\t\t<\/span>\n\t\t<\/div>\n\t\t\t\t\t\t<\/div>\n\t\t\t\t<\/div>\n\t\t\t\t\t<\/div>\n\t\t\t\t<\/div>\n\t\t<div class=\"elementor-element elementor-element-c3c2b61 e-flex e-con-boxed wpr-particle-no wpr-jarallax-no wpr-parallax-no wpr-sticky-section-no wpr-equal-height-no e-con e-parent\" data-id=\"c3c2b61\" data-element_type=\"container\" data-e-type=\"container\">\n\t\t\t\t\t<div class=\"e-con-inner\">\n\t\t<div class=\"elementor-element elementor-element-5a2e769 e-con-full e-flex wpr-particle-no wpr-jarallax-no wpr-parallax-no wpr-sticky-section-no wpr-equal-height-no e-con e-child\" data-id=\"5a2e769\" data-element_type=\"container\" data-e-type=\"container\">\n\t\t\t\t<div class=\"elementor-element elementor-element-d580acb elementor-widget elementor-widget-heading\" data-id=\"d580acb\" data-element_type=\"widget\" data-e-type=\"widget\" data-widget_type=\"heading.default\">\n\t\t\t\t<div class=\"elementor-widget-container\">\n\t\t\t\t\t<h2 class=\"elementor-heading-title elementor-size-default\">FR\u00c5N BERG TILL GRUND<\/h2>\t\t\t\t<\/div>\n\t\t\t\t<\/div>\n\t\t\t\t<div class=\"elementor-element elementor-element-77aa445 elementor-widget elementor-widget-text-editor\" data-id=\"77aa445\" data-element_type=\"widget\" data-e-type=\"widget\" data-widget_type=\"text-editor.default\">\n\t\t\t\t<div class=\"elementor-widget-container\">\n\t\t\t\t\t\t\t\t\t<p class=\"p1\">2022 startade vi upp bergt\u00e4kten i H\u00f6stet, Idre. H\u00e4r har vi all utrustning f\u00f6r att krossa v\u00e5rt r\u00f6da grus och ta fram de fraktioner som efterfr\u00e5gas. Vi har egna bilar vilket g\u00f6r att vi kan erbjuda flexibla transporter efter kundens behov.<\/p><p class=\"p1\">Ut\u00f6ver bergmaterial kan vi \u00e4ven erbjuda gabioner och extern krossning.<\/p>\t\t\t\t\t\t\t\t<\/div>\n\t\t\t\t<\/div>\n\t\t\t\t<\/div>\n\t\t<div class=\"elementor-element elementor-element-94e9cf2 e-con-full e-flex wpr-particle-no wpr-jarallax-no wpr-parallax-no wpr-sticky-section-no wpr-equal-height-no e-con e-child\" data-id=\"94e9cf2\" data-element_type=\"container\" data-e-type=\"container\">\n\t\t\t\t<div class=\"elementor-element elementor-element-32e7f2a eael-infobox-content-align--center elementor-invisible elementor-widget elementor-widget-eael-info-box\" data-id=\"32e7f2a\" data-element_type=\"widget\" data-e-type=\"widget\" data-settings=\"{&quot;_animation&quot;:&quot;fadeIn&quot;}\" data-widget_type=\"eael-info-box.default\">\n\t\t\t\t<div class=\"elementor-widget-container\">\n\t\t\t\t\t        <div class=\"eael-infobox icon-on-top\">\n\t            <div class=\"infobox-content\">\n                    <div class=\"infobox-title-section\">\n                <h2 class=\"title\">Mer info<\/h2>            <\/div>\n            <div><p class=\"p1\">\u00d6nskar du mer information om v\u00e5ra bergmaterial och transporter. <br \/>Kontakta Per Blomqvist<\/p><p class=\"p1\">070-359 18 28<br \/><a href=\"mailto:per@peroab.se\">per@peroab.se<\/a><\/p><\/div>        <\/div>\n            <\/div>\n\n\t\t\t\t\t\t<\/div>\n\t\t\t\t<\/div>\n\t\t\t\t<\/div>\n\t\t\t\t\t<\/div>\n\t\t\t\t<\/div>\n\t\t<div class=\"elementor-element elementor-element-8b31376 e-flex e-con-boxed wpr-particle-no wpr-jarallax-no wpr-parallax-no wpr-sticky-section-no wpr-equal-height-no e-con e-parent\" data-id=\"8b31376\" data-element_type=\"container\" data-e-type=\"container\">\n\t\t\t\t\t<div class=\"e-con-inner\">\n\t\t\t\t<div class=\"elementor-element elementor-element-cd55b15 elementor-widget elementor-widget-spacer\" data-id=\"cd55b15\" data-element_type=\"widget\" data-e-type=\"widget\" data-widget_type=\"spacer.default\">\n\t\t\t\t<div class=\"elementor-widget-container\">\n\t\t\t\t\t\t\t<div class=\"elementor-spacer\">\n\t\t\t<div class=\"elementor-spacer-inner\"><\/div>\n\t\t<\/div>\n\t\t\t\t\t\t<\/div>\n\t\t\t\t<\/div>\n\t\t\t\t\t<\/div>\n\t\t\t\t<\/div>\n\t\t<div class=\"elementor-element elementor-element-edd63be e-grid e-con-boxed wpr-particle-no wpr-jarallax-no wpr-parallax-no wpr-sticky-section-no wpr-equal-height-no e-con e-parent\" data-id=\"edd63be\" data-element_type=\"container\" data-e-type=\"container\">\n\t\t\t\t\t<div class=\"e-con-inner\">\n\t\t\t\t<div class=\"elementor-element elementor-element-3a1f430 elementor-widget elementor-widget-image\" data-id=\"3a1f430\" data-element_type=\"widget\" data-e-type=\"widget\" data-widget_type=\"image.default\">\n\t\t\t\t<div class=\"elementor-widget-container\">\n\t\t\t\t\t\t\t\t\t\t\t\t\t\t\t<img fetchpriority=\"high\" decoding=\"async\" width=\"768\" height=\"1024\" src=\"https:\/\/www.peroab.se\/wp-content\/uploads\/2024\/02\/MicrosoftTeams-image-1-768x1024.jpg\" class=\"attachment-large size-large wp-image-447\" alt=\"\" srcset=\"https:\/\/www.peroab.se\/wp-content\/uploads\/2024\/02\/MicrosoftTeams-image-1-768x1024.jpg 768w, https:\/\/www.peroab.se\/wp-content\/uploads\/2024\/02\/MicrosoftTeams-image-1-225x300.jpg 225w, https:\/\/www.peroab.se\/wp-content\/uploads\/2024\/02\/MicrosoftTeams-image-1-1152x1536.jpg 1152w, https:\/\/www.peroab.se\/wp-content\/uploads\/2024\/02\/MicrosoftTeams-image-1.jpg 1200w\" sizes=\"(max-width: 768px) 100vw, 768px\" \/>\t\t\t\t\t\t\t\t\t\t\t\t\t\t\t<\/div>\n\t\t\t\t<\/div>\n\t\t\t\t<div class=\"elementor-element elementor-element-dce76f3 elementor-widget elementor-widget-image\" data-id=\"dce76f3\" data-element_type=\"widget\" data-e-type=\"widget\" data-widget_type=\"image.default\">\n\t\t\t\t<div class=\"elementor-widget-container\">\n\t\t\t\t\t\t\t\t\t\t\t\t\t\t\t<img decoding=\"async\" width=\"800\" height=\"1005\" src=\"https:\/\/www.peroab.se\/wp-content\/uploads\/2024\/04\/MicrosoftTeams-image-2_edited-815x1024.jpg\" class=\"attachment-large size-large wp-image-706\" alt=\"\" srcset=\"https:\/\/www.peroab.se\/wp-content\/uploads\/2024\/04\/MicrosoftTeams-image-2_edited-815x1024.jpg 815w, https:\/\/www.peroab.se\/wp-content\/uploads\/2024\/04\/MicrosoftTeams-image-2_edited-239x300.jpg 239w, https:\/\/www.peroab.se\/wp-content\/uploads\/2024\/04\/MicrosoftTeams-image-2_edited-768x965.jpg 768w, https:\/\/www.peroab.se\/wp-content\/uploads\/2024\/04\/MicrosoftTeams-image-2_edited.jpg 1082w\" sizes=\"(max-width: 800px) 100vw, 800px\" \/>\t\t\t\t\t\t\t\t\t\t\t\t\t\t\t<\/div>\n\t\t\t\t<\/div>\n\t\t\t\t<div class=\"elementor-element elementor-element-fbfd1dd elementor-widget elementor-widget-image\" data-id=\"fbfd1dd\" data-element_type=\"widget\" data-e-type=\"widget\" data-widget_type=\"image.default\">\n\t\t\t\t<div class=\"elementor-widget-container\">\n\t\t\t\t\t\t\t\t\t\t\t\t\t\t\t<img decoding=\"async\" width=\"768\" height=\"1024\" src=\"https:\/\/www.peroab.se\/wp-content\/uploads\/2024\/02\/MicrosoftTeams-image-768x1024.jpg\" class=\"attachment-large size-large wp-image-446\" alt=\"\" srcset=\"https:\/\/www.peroab.se\/wp-content\/uploads\/2024\/02\/MicrosoftTeams-image-768x1024.jpg 768w, https:\/\/www.peroab.se\/wp-content\/uploads\/2024\/02\/MicrosoftTeams-image-225x300.jpg 225w, https:\/\/www.peroab.se\/wp-content\/uploads\/2024\/02\/MicrosoftTeams-image-1152x1536.jpg 1152w, https:\/\/www.peroab.se\/wp-content\/uploads\/2024\/02\/MicrosoftTeams-image-1536x2048.jpg 1536w, https:\/\/www.peroab.se\/wp-content\/uploads\/2024\/02\/MicrosoftTeams-image-scaled.jpg 1920w\" sizes=\"(max-width: 768px) 100vw, 768px\" \/>\t\t\t\t\t\t\t\t\t\t\t\t\t\t\t<\/div>\n\t\t\t\t<\/div>\n\t\t\t\t\t<\/div>\n\t\t\t\t<\/div>\n\t\t<div class=\"elementor-element elementor-element-32e6be9 e-flex e-con-boxed wpr-particle-no wpr-jarallax-no wpr-parallax-no wpr-sticky-section-no wpr-equal-height-no e-con e-parent\" data-id=\"32e6be9\" data-element_type=\"container\" data-e-type=\"container\">\n\t\t\t\t\t<div class=\"e-con-inner\">\n\t\t\t\t<div class=\"elementor-element elementor-element-736d4b4 elementor-widget elementor-widget-spacer\" data-id=\"736d4b4\" data-element_type=\"widget\" data-e-type=\"widget\" data-widget_type=\"spacer.default\">\n\t\t\t\t<div class=\"elementor-widget-container\">\n\t\t\t\t\t\t\t<div class=\"elementor-spacer\">\n\t\t\t<div class=\"elementor-spacer-inner\"><\/div>\n\t\t<\/div>\n\t\t\t\t\t\t<\/div>\n\t\t\t\t<\/div>\n\t\t\t\t\t<\/div>\n\t\t\t\t<\/div>\n\t\t\t\t<\/div>\n\t\t","protected":false},"excerpt":{"rendered":"<p>Bergt\u00e4kt FR\u00c5N BERG TILL GRUND 2022 startade vi upp bergt\u00e4kten i H\u00f6stet, Idre. H\u00e4r har vi all utrustning f\u00f6r att krossa v\u00e5rt r\u00f6da grus och ta fram de fraktioner som efterfr\u00e5gas. Vi har egna bilar vilket g\u00f6r att vi kan erbjuda flexibla transporter efter kundens behov. Ut\u00f6ver bergmaterial kan vi \u00e4ven erbjuda gabioner och extern krossning. Mer info \u00d6nskar du mer information om v\u00e5ra bergmaterial och transporter. Kontakta Per Blomqvist 070-359 18 28per@peroab.se<\/p>\n","protected":false},"author":2,"featured_media":0,"parent":0,"menu_order":0,"comment_status":"closed","ping_status":"closed","template":"","meta":{"footnotes":""},"class_list":["post-441","page","type-page","status-publish","hentry"],"_links":{"self":[{"href":"https:\/\/www.peroab.se\/index.php?rest_route=\/wp\/v2\/pages\/441","targetHints":{"allow":["GET"]}}],"collection":[{"href":"https:\/\/www.peroab.se\/index.php?rest_route=\/wp\/v2\/pages"}],"about":[{"href":"https:\/\/www.peroab.se\/index.php?rest_route=\/wp\/v2\/types\/page"}],"author":[{"embeddable":true,"href":"https:\/\/www.peroab.se\/index.php?rest_route=\/wp\/v2\/users\/2"}],"replies":[{"embeddable":true,"href":"https:\/\/www.peroab.se\/index.php?rest_route=%2Fwp%2Fv2%2Fcomments&post=441"}],"version-history":[{"count":93,"href":"https:\/\/www.peroab.se\/index.php?rest_route=\/wp\/v2\/pages\/441\/revisions"}],"predecessor-version":[{"id":957,"href":"https:\/\/www.peroab.se\/index.php?rest_route=\/wp\/v2\/pages\/441\/revisions\/957"}],"wp:attachment":[{"href":"https:\/\/www.peroab.se\/index.php?rest_route=%2Fwp%2Fv2%2Fmedia&parent=441"}],"curies":[{"name":"wp","href":"https:\/\/api.w.org\/{rel}","templated":true}]}}